{"id":251,"date":"2018-08-13T09:55:23","date_gmt":"2018-08-13T08:55:23","guid":{"rendered":"https:\/\/lavilladordogne.wordpress.com\/?page_id=251"},"modified":"2018-08-13T09:55:23","modified_gmt":"2018-08-13T08:55:23","slug":"la-villa-outdoor","status":"publish","type":"page","link":"https:\/\/la-villa-pourpre.com\/index.php\/la-villa-outdoor\/","title":{"rendered":"La villa -outdoor-"},"content":{"rendered":"<h2>La piscine<\/h2>\n<p>Pi\u00e8ce ma\u00eetresse de la maison, la piscine tr\u00f4ne cr\u00e2nement en prolongement de l\u2019open space, profitant de son exposition <i>plein sud <\/i>et en sommet de coteaux pour capter des tout premiers aux tout derniers rayons du soleil de l\u2019\u00e9t\u00e9. <i>Chauff\u00e9e<\/i> entre <b>28 et 30 degr\u00e9s<\/b>, ses dimensions (3.5x10m), tout comme sa profondeur (140cm) ou ses larges marches immerg\u00e9es sont une invitation tour \u00e0 tour \u00e0 la nage, aux jeux de ballon, au barbot\u2019ap\u00e9ro (activ\u00e9 brevet\u00e9e) ou \u00e0 un s\u00e9jour prolong\u00e9 juste \u00e0 profiter de ses abords, simplement \u00ab aloung\u00e9 \u00bb sur l\u2019un de ces beaucoup trop confortables transats modulables.<\/p>\n<p>Equip\u00e9e d\u2019un <i>volet rigide \u00e9lectrique<\/i> de <b>s\u00e9curit\u00e9<\/b> aux derni\u00e8res normes en vigueur, elle est d\u2019autant plus safe qu\u2019elle reste visible m\u00eame depuis l\u2019int\u00e9rieur gr\u00e2ce \u00e0 un pan de mur int\u00e9gralement vitr\u00e9.<\/p>\n<div id='gallery-1' class='gallery galleryid-251 gallery-columns-3 gallery-size-thumbnail'><figure class='gallery-item'>\n\t\t\t<div class='gallery-icon landscape'>\n\t\t\t\t<a href='https:\/\/la-villa-pourpre.com\/6d0e58cb-ba3c-4a2e-afb8-2583d84e0b5f\/'><img decoding=\"async\" width=\"150\" height=\"150\" src=\"https:\/\/la-villa-pourpre.com\/wp-content\/uploads\/2023\/01\/6D0E58CB-BA3C-4A2E-AFB8-2583D84E0B5F-150x150.jpeg\" class=\"attachment-thumbnail size-thumbnail\" alt=\"\" \/><\/a>\n\t\t\t<\/div><\/figure><figure class='gallery-item'>\n\t\t\t<div class='gallery-icon landscape'>\n\t\t\t\t<a href='https:\/\/la-villa-pourpre.com\/c4733dcc-13d0-4b90-88aa-37664e0e8bcc\/'><img decoding=\"async\" width=\"150\" height=\"150\" src=\"https:\/\/la-villa-pourpre.com\/wp-content\/uploads\/2018\/08\/c4733dcc-13d0-4b90-88aa-37664e0e8bcc-150x150.jpeg\" class=\"attachment-thumbnail size-thumbnail\" alt=\"\" \/><\/a>\n\t\t\t<\/div><\/figure><figure class='gallery-item'>\n\t\t\t<div class='gallery-icon landscape'>\n\t\t\t\t<a href='https:\/\/la-villa-pourpre.com\/2622d0fa-dd6d-42ec-96fc-e826206d2853\/'><img decoding=\"async\" width=\"150\" height=\"150\" src=\"https:\/\/la-villa-pourpre.com\/wp-content\/uploads\/2018\/08\/2622d0fa-dd6d-42ec-96fc-e826206d2853-150x150.jpeg\" class=\"attachment-thumbnail size-thumbnail\" alt=\"\" \/><\/a>\n\t\t\t<\/div><\/figure><figure class='gallery-item'>\n\t\t\t<div class='gallery-icon landscape'>\n\t\t\t\t<a href='https:\/\/la-villa-pourpre.com\/b3fb377a-bab4-485f-b78e-cd60be17cb6c\/'><img loading=\"lazy\" decoding=\"async\" width=\"150\" height=\"150\" src=\"https:\/\/la-villa-pourpre.com\/wp-content\/uploads\/2018\/08\/b3fb377a-bab4-485f-b78e-cd60be17cb6c-150x150.jpeg\" class=\"attachment-thumbnail size-thumbnail\" alt=\"\" \/><\/a>\n\t\t\t<\/div><\/figure><figure class='gallery-item'>\n\t\t\t<div class='gallery-icon landscape'>\n\t\t\t\t<a href='https:\/\/la-villa-pourpre.com\/7deb84d8-eaf0-4eee-9410-35acc9dcb118\/'><img loading=\"lazy\" decoding=\"async\" width=\"150\" height=\"150\" src=\"https:\/\/la-villa-pourpre.com\/wp-content\/uploads\/2018\/08\/7deb84d8-eaf0-4eee-9410-35acc9dcb118-150x150.jpeg\" class=\"attachment-thumbnail size-thumbnail\" alt=\"\" \/><\/a>\n\t\t\t<\/div><\/figure><figure class='gallery-item'>\n\t\t\t<div class='gallery-icon landscape'>\n\t\t\t\t<a href='https:\/\/la-villa-pourpre.com\/93a294e2-e11e-4f74-a493-4034828ec36f\/'><img loading=\"lazy\" decoding=\"async\" width=\"150\" height=\"150\" src=\"https:\/\/la-villa-pourpre.com\/wp-content\/uploads\/2018\/08\/93a294e2-e11e-4f74-a493-4034828ec36f-150x150.jpeg\" class=\"attachment-thumbnail size-thumbnail\" alt=\"\" \/><\/a>\n\t\t\t<\/div><\/figure>\n\t\t<\/div>\n\n","protected":false},"excerpt":{"rendered":"<p>La piscine Pi\u00e8ce ma\u00eetresse de la maison, la piscine tr\u00f4ne cr\u00e2nement en prolongement de l\u2019open space, profitant de son exposition plein sud et en sommet de coteaux pour capter des tout premiers aux tout derniers rayons du soleil de l\u2019\u00e9t\u00e9. Chauff\u00e9e entre 28 et 30 degr\u00e9s, ses dimensions (3.5x10m), tout comme sa profondeur (140cm) ou &hellip; <a href=\"https:\/\/la-villa-pourpre.com\/index.php\/la-villa-outdoor\/\" class=\"more-link\">Lire la suite <span class=\"screen-reader-text\">La villa -outdoor-<\/span><\/a><\/p>\n","protected":false},"author":2,"featured_media":0,"parent":0,"menu_order":0,"comment_status":"closed","ping_status":"closed","template":"","meta":{"_ti_tpc_template_sync":false,"_ti_tpc_template_id":"","footnotes":""},"jetpack_sharing_enabled":true,"_links":{"self":[{"href":"https:\/\/la-villa-pourpre.com\/index.php\/wp-json\/wp\/v2\/pages\/251"}],"collection":[{"href":"https:\/\/la-villa-pourpre.com\/index.php\/wp-json\/wp\/v2\/pages"}],"about":[{"href":"https:\/\/la-villa-pourpre.com\/index.php\/wp-json\/wp\/v2\/types\/page"}],"author":[{"embeddable":true,"href":"https:\/\/la-villa-pourpre.com\/index.php\/wp-json\/wp\/v2\/users\/2"}],"replies":[{"embeddable":true,"href":"https:\/\/la-villa-pourpre.com\/index.php\/wp-json\/wp\/v2\/comments?post=251"}],"version-history":[{"count":0,"href":"https:\/\/la-villa-pourpre.com\/index.php\/wp-json\/wp\/v2\/pages\/251\/revisions"}],"wp:attachment":[{"href":"https:\/\/la-villa-pourpre.com\/index.php\/wp-json\/wp\/v2\/media?parent=251"}],"curies":[{"name":"wp","href":"https:\/\/api.w.org\/{rel}","templated":true}]}}